{"id":163,"date":"2011-03-14T18:42:20","date_gmt":"2011-03-14T17:42:20","guid":{"rendered":"http:\/\/www.skandalfilm.net\/?page_id=163"},"modified":"2011-03-14T18:44:42","modified_gmt":"2011-03-14T17:44:42","slug":"impressum","status":"publish","type":"page","link":"https:\/\/www.skandalfilm.net\/?page_id=163","title":{"rendered":"Impressum"},"content":{"rendered":"<p><br class=\"spacer_\" \/><\/p>\n<p>Sch\u00fcren Verlag GmbH<br \/>\nUniversit\u00e4tsstra\u00dfe 55<br \/>\nD-35037 Marburg<br \/>\nTel.: 06421\/6 30 84<br \/>\nFax: 06421\/68 11 90<br \/>\nE-Mail: info@schueren-verlag.de<\/p>\n<p>Amtsgericht Marburg HRB 4581<br \/>\nGesch\u00e4ftsf\u00fchrerin: Dr. Annette Sch\u00fcren<br \/>\nVerkehrsnummer 16044<br \/>\nUst.-Id.-Nr.: DE 112633638<\/p>\n<p>Verantwortlich f\u00fcr den Inhalt dieser Seite i. S. d. \u00a7 6 Abs. 2 MDStV:<br \/>\nDr. Annette Sch\u00fcren<br \/>\nUniversit\u00e4tsstr. 55<br \/>\nD-35037 Marburg<\/p>\n<p><strong>Haftungshinweis:<\/strong> Trotz sorgf\u00e4ltiger inhaltlicher Kontrolle \u00fcbernehmen wir<br \/>\nkeine Haftung f\u00fcr die Inhalte externer Links. F\u00fcr den Inhalt der verlinkten<br \/>\nSeiten sind ausschlie\u00dflich deren Betreiber verantwortlich.<\/p>\n","protected":false},"excerpt":{"rendered":"<p>Sch\u00fcren Verlag GmbH Universit\u00e4tsstra\u00dfe 55 D-35037 Marburg Tel.: 06421\/6 30 84 Fax: 06421\/68 11 90 E-Mail: info@schueren-verlag.de Amtsgericht Marburg HRB 4581 Gesch\u00e4ftsf\u00fchrerin: Dr. Annette Sch\u00fcren Verkehrsnummer 16044 Ust.-Id.-Nr.: DE 112633638 Verantwortlich f\u00fcr den Inhalt dieser Seite i. S. d. \u00a7 6 Abs. 2 MDStV: Dr. Annette Sch\u00fcren Universit\u00e4tsstr. 55 D-35037 Marburg Haftungshinweis: Trotz sorgf\u00e4ltiger inhaltlicher [&hellip;]<\/p>\n","protected":false},"author":1,"featured_media":0,"parent":0,"menu_order":4,"comment_status":"closed","ping_status":"closed","template":"","meta":{"ngg_post_thumbnail":0,"footnotes":""},"_links":{"self":[{"href":"https:\/\/www.skandalfilm.net\/index.php?rest_route=\/wp\/v2\/pages\/163"}],"collection":[{"href":"https:\/\/www.skandalfilm.net\/index.php?rest_route=\/wp\/v2\/pages"}],"about":[{"href":"https:\/\/www.skandalfilm.net\/index.php?rest_route=\/wp\/v2\/types\/page"}],"author":[{"embeddable":true,"href":"https:\/\/www.skandalfilm.net\/index.php?rest_route=\/wp\/v2\/users\/1"}],"replies":[{"embeddable":true,"href":"https:\/\/www.skandalfilm.net\/index.php?rest_route=%2Fwp%2Fv2%2Fcomments&post=163"}],"version-history":[{"count":6,"href":"https:\/\/www.skandalfilm.net\/index.php?rest_route=\/wp\/v2\/pages\/163\/revisions"}],"predecessor-version":[{"id":169,"href":"https:\/\/www.skandalfilm.net\/index.php?rest_route=\/wp\/v2\/pages\/163\/revisions\/169"}],"wp:attachment":[{"href":"https:\/\/www.skandalfilm.net\/index.php?rest_route=%2Fwp%2Fv2%2Fmedia&parent=163"}],"curies":[{"name":"wp","href":"https:\/\/api.w.org\/{rel}","templated":true}]}}