{"id":5,"date":"2011-01-16T16:48:47","date_gmt":"2011-01-16T15:48:47","guid":{"rendered":"http:\/\/www.skandalfilm.net\/"},"modified":"2011-03-09T09:50:40","modified_gmt":"2011-03-09T08:50:40","slug":"willkommen","status":"publish","type":"page","link":"https:\/\/www.skandalfilm.net\/","title":{"rendered":"Willkommen"},"content":{"rendered":"<p>Die Geschichte der Skandalfilme ist so alt wie das Kino. Ein Paar, das sich vor laufenden Kameras k\u00fcsste, das war 1896 unerh\u00f6rt. Ein Raubm\u00f6rder, der die Berliner Polizei d\u00fcpierte, rief 1906 die Zensur auf den Plan. \u00abSkandal\u00bb hie\u00df es, als Richard Oswald 1919 im Lichtspielhaus mit dickem Stift den Paragraphen 175 durchstrich, \u00abSkandal\u00bb, als deutsche Soldaten 1930 auf der Leinwand heulten, und \u00abSkandal, Skandal\u00bb, als sich vor sechzig Jahren Hildegard Knef an der westdeutschen Nachkriegsmoral vers\u00fcndigte: eine Hure und Sterbehelferin aus Liebe; halbnackt noch dazu.<\/p>\n<p>Aufkl\u00e4rungsfilme, die zum Geschlechtsverkehr animierten, Stinkbomben und Farbeier, die auf Leinw\u00e4nde flogen, wei\u00dfe M\u00e4use und Kinoschlachten, ein Regisseur mit Steinen in den Taschen, Feministinnen, die auf Kinositze pinkelten, Lichterprozessionen und Boykottaufrufe, hupende Autofahrer, Krawalle und Festnahmen, Mahnworte und Beschlagnahmen, Fernsehdebatten und Drohanrufe, Zuschauerfluchten und Festivaleklats, Aktionsb\u00fcndnisse und Unterschriftenfluten, und immer wieder: \u00abSkandal, Skandal!\u00bb<\/p>\n<p>Die Filme, die seit den Anf\u00e4ngen des Kinos am meisten L\u00e4rm veranstalteten und die aufsehenerregendsten \u00c4rgernisse verursachten, werden in Stefan Volks Buch \u00fcber <em>Skandalfilme<\/em> ausf\u00fchrlich vorgestellt: mit pr\u00e4gnanten Zusammenfassungen des jeweiligen Werkes und des Skandals, den es verursachte, mit exemplarischen Zitaten aus den zeitgen\u00f6ssischen Reaktionen und zahlreichen Hintergrundinfos. Zeitlich umfasst das Werk die gesamte Kinogeschichte von ihren Anf\u00e4ngen bis heute.<\/p>\n<p>Auf dieser Website erhalten Sie erste Einblicke in das Buch, die Sie zum weiterlesen animieren sollen. Einige der \u00fcber hundert Skandalfilme, die in das Buch Eingang gefunden haben, werden in Bild und Ton kurz vorgestellt. Aber auch, wenn Sie <em>Skandalfilme<\/em> bereits in Ihren H\u00e4nden halten, finden Sie hier manches, was Sie noch nicht gelesen haben: zus\u00e4tzliche Kommentare, Kritiken und weitere Hintergr\u00fcnde. Au\u00dferdem zahlreiche Fotos und Ausschnitte aus den umstrittenen Filmen, damit Sie sich selbst ein Bild davon machen k\u00f6nnen, was einst ein Skandal war oder vielleicht auch noch immer einer ist\u2026<\/p>\n","protected":false},"excerpt":{"rendered":"<p>Die Geschichte der Skandalfilme ist so alt wie das Kino. Ein Paar, das sich vor laufenden Kameras k\u00fcsste, das war 1896 unerh\u00f6rt. Ein Raubm\u00f6rder, der die Berliner Polizei d\u00fcpierte, rief 1906 die Zensur auf den Plan. \u00abSkandal\u00bb hie\u00df es, als Richard Oswald 1919 im Lichtspielhaus mit dickem Stift den Paragraphen 175 durchstrich, \u00abSkandal\u00bb, als deutsche [&hellip;]<\/p>\n","protected":false},"author":1,"featured_media":0,"parent":0,"menu_order":0,"comment_status":"closed","ping_status":"closed","template":"","meta":{"ngg_post_thumbnail":0,"footnotes":""},"_links":{"self":[{"href":"https:\/\/www.skandalfilm.net\/index.php?rest_route=\/wp\/v2\/pages\/5"}],"collection":[{"href":"https:\/\/www.skandalfilm.net\/index.php?rest_route=\/wp\/v2\/pages"}],"about":[{"href":"https:\/\/www.skandalfilm.net\/index.php?rest_route=\/wp\/v2\/types\/page"}],"author":[{"embeddable":true,"href":"https:\/\/www.skandalfilm.net\/index.php?rest_route=\/wp\/v2\/users\/1"}],"replies":[{"embeddable":true,"href":"https:\/\/www.skandalfilm.net\/index.php?rest_route=%2Fwp%2Fv2%2Fcomments&post=5"}],"version-history":[{"count":9,"href":"https:\/\/www.skandalfilm.net\/index.php?rest_route=\/wp\/v2\/pages\/5\/revisions"}],"predecessor-version":[{"id":109,"href":"https:\/\/www.skandalfilm.net\/index.php?rest_route=\/wp\/v2\/pages\/5\/revisions\/109"}],"wp:attachment":[{"href":"https:\/\/www.skandalfilm.net\/index.php?rest_route=%2Fwp%2Fv2%2Fmedia&parent=5"}],"curies":[{"name":"wp","href":"https:\/\/api.w.org\/{rel}","templated":true}]}}